{"id":75,"date":"2020-11-24T14:15:36","date_gmt":"2020-11-24T14:15:36","guid":{"rendered":"https:\/\/lainpelto.fi\/?page_id=75"},"modified":"2026-01-25T10:05:41","modified_gmt":"2026-01-25T10:05:41","slug":"hinnasto","status":"publish","type":"page","link":"https:\/\/lainpelto.fi\/index.php\/hinnasto\/","title":{"rendered":"Hinnasto"},"content":{"rendered":"\n<p><strong>Tutustumisk\u00e4ynti    <\/strong>             <\/p>\n\n\n\n<p>45min 50e<\/p>\n\n\n\n<p><strong>Kuntoutuspsykoterapia<\/strong>    <\/p>\n\n\n\n<p>45min 95e (omavastuuksi j\u00e4\u00e4 37,40e Kelakorvauksen j\u00e4lkeen)<\/p>\n\n\n\n<p><strong>Ty\u00f6nohjaus  <\/strong>                            <\/p>\n\n\n\n<p>60min 135e (+alv 24%)<\/p>\n\n\n\n<p><strong>Koulutukset<\/strong><\/p>\n\n\n\n<p>Kaipaatko yhteis\u00f6llesi koulutusta mielenterveyden \u00e4\u00e4rell\u00e4? Ideoidaan yhdess\u00e4 tarpeitasi vastaava koulutuskokonaisuus! Lempiaiheitani t\u00e4ll\u00e4 hetkell\u00e4 on psykologisesti turvallisen ryhm\u00e4n luominen.<\/p>\n","protected":false},"excerpt":{"rendered":"<p>Tutustumisk\u00e4ynti 45min 50e Kuntoutuspsykoterapia 45min 95e (omavastuuksi j\u00e4\u00e4 37,40e Kelakorvauksen j\u00e4lkeen) Ty\u00f6nohjaus 60min 135e (+alv 24%) Koulutukset Kaipaatko yhteis\u00f6llesi koulutusta mielenterveyden \u00e4\u00e4rell\u00e4? Ideoidaan yhdess\u00e4 tarpeitasi vastaava koulutuskokonaisuus! Lempiaiheitani t\u00e4ll\u00e4 hetkell\u00e4 on psykologisesti turvallisen ryhm\u00e4n luominen.<\/p>\n","protected":false},"author":2,"featured_media":0,"parent":0,"menu_order":0,"comment_status":"closed","ping_status":"closed","template":"","meta":{"footnotes":""},"class_list":["post-75","page","type-page","status-publish","hentry"],"_links":{"self":[{"href":"https:\/\/lainpelto.fi\/index.php\/wp-json\/wp\/v2\/pages\/75","targetHints":{"allow":["GET"]}}],"collection":[{"href":"https:\/\/lainpelto.fi\/index.php\/wp-json\/wp\/v2\/pages"}],"about":[{"href":"https:\/\/lainpelto.fi\/index.php\/wp-json\/wp\/v2\/types\/page"}],"author":[{"embeddable":true,"href":"https:\/\/lainpelto.fi\/index.php\/wp-json\/wp\/v2\/users\/2"}],"replies":[{"embeddable":true,"href":"https:\/\/lainpelto.fi\/index.php\/wp-json\/wp\/v2\/comments?post=75"}],"version-history":[{"count":7,"href":"https:\/\/lainpelto.fi\/index.php\/wp-json\/wp\/v2\/pages\/75\/revisions"}],"predecessor-version":[{"id":233,"href":"https:\/\/lainpelto.fi\/index.php\/wp-json\/wp\/v2\/pages\/75\/revisions\/233"}],"wp:attachment":[{"href":"https:\/\/lainpelto.fi\/index.php\/wp-json\/wp\/v2\/media?parent=75"}],"curies":[{"name":"wp","href":"https:\/\/api.w.org\/{rel}","templated":true}]}}