{"id":74,"date":"2020-11-24T14:15:36","date_gmt":"2020-11-24T14:15:36","guid":{"rendered":"https:\/\/lainpelto.fi\/?page_id=74"},"modified":"2026-01-25T10:00:08","modified_gmt":"2026-01-25T10:00:08","slug":"tyonohjaus","status":"publish","type":"page","link":"https:\/\/lainpelto.fi\/index.php\/tyonohjaus\/","title":{"rendered":"Ty\u00f6nohjaus"},"content":{"rendered":"\n<p>Ty\u00f6nohjauksessa olen tukenasi ty\u00f6el\u00e4m\u00e4n prosesseissa ja autan sinua l\u00f6yt\u00e4m\u00e4\u00e4n omia vahvuuksiasi perusteht\u00e4v\u00e4si \u00e4\u00e4rell\u00e4. T\u00e4ll\u00e4 hetkell\u00e4 erityisen\u00e4 kiinnostuksen kohteenani on skeematerapian ja tunnekeskeisen psykoterapian ilmi\u00f6t. Kanssani p\u00e4\u00e4set halutessasi hiomaan taitojasi my\u00f6s deliberate practice- tyyppisesti.<\/p>\n\n\n\n<p>Olen t\u00e4ll\u00e4 hetkell\u00e4 kognitiivisen psykoterapian kouluttajakoulutuksessa. Minulle t\u00e4rke\u00e4 arvo on toimia tarpeen mukaisesti ja huomioiden jokaisen ihmisen k\u00e4ytt\u00f6teoriaa; kaikkea sit\u00e4 kokemusta, mit\u00e4 el\u00e4m\u00e4 on tarjoillut. Taustani toimintaterapeuttina tekee minusta tavoiteorientoituneen ja k\u00e4yt\u00e4nt\u00f6\u00f6n suuntautuvan. Koen olevani hyvin maanl\u00e4heinen ja l\u00f6yd\u00e4t minut usein vastaanotolta villasukat lutussa. Minulle protokollien sijaan t\u00e4rke\u00e4mp\u00e4\u00e4 on yksil\u00f6llisyyden huomioiminen ja integratiivinen suhtautuminen erilaisiin el\u00e4m\u00e4nasioihin, menetelmiin ja teorioihin. Kognitiivisen terapian maailmassa edustan kolmannen aallon mielenmaisemaa.<\/p>\n\n\n\n<p>Ennen psykoterapeuttiutta olin ty\u00f6ss\u00e4 toimintaterapeuttina, l\u00e4hiesimiehen\u00e4 ja nepsyvalmentajana lastensuojelun maailmassa. Syd\u00e4meni sykkii edelleen my\u00f6s n\u00e4ille teemoille, joten toivotan tervetulleeksi my\u00f6s toimintaterapeutit, nepsyvalmentajat ja lastensuojelijat ty\u00f6el\u00e4m\u00e4n sek\u00e4 oman hyvinvoinnin ilmi\u00f6it\u00e4 tutkimaan.<\/p>\n","protected":false},"excerpt":{"rendered":"<p>Ty\u00f6nohjauksessa olen tukenasi ty\u00f6el\u00e4m\u00e4n prosesseissa ja autan sinua l\u00f6yt\u00e4m\u00e4\u00e4n omia vahvuuksiasi perusteht\u00e4v\u00e4si \u00e4\u00e4rell\u00e4. T\u00e4ll\u00e4 hetkell\u00e4 erityisen\u00e4 kiinnostuksen kohteenani on skeematerapian ja tunnekeskeisen psykoterapian ilmi\u00f6t. Kanssani p\u00e4\u00e4set halutessasi hiomaan taitojasi my\u00f6s deliberate practice- tyyppisesti. Olen t\u00e4ll\u00e4 hetkell\u00e4 kognitiivisen psykoterapian kouluttajakoulutuksessa. Minulle t\u00e4rke\u00e4 arvo on toimia tarpeen mukaisesti ja huomioiden jokaisen ihmisen k\u00e4ytt\u00f6teoriaa; kaikkea sit\u00e4 kokemusta, mit\u00e4 &hellip; <\/p>\n<p class=\"link-more\"><a href=\"https:\/\/lainpelto.fi\/index.php\/tyonohjaus\/\" class=\"more-link\">Jatka lukemista<span class=\"screen-reader-text\"> &#8221;Ty\u00f6nohjaus&#8221;<\/span><\/a><\/p>\n","protected":false},"author":2,"featured_media":0,"parent":0,"menu_order":0,"comment_status":"closed","ping_status":"closed","template":"","meta":{"footnotes":""},"class_list":["post-74","page","type-page","status-publish","hentry"],"_links":{"self":[{"href":"https:\/\/lainpelto.fi\/index.php\/wp-json\/wp\/v2\/pages\/74","targetHints":{"allow":["GET"]}}],"collection":[{"href":"https:\/\/lainpelto.fi\/index.php\/wp-json\/wp\/v2\/pages"}],"about":[{"href":"https:\/\/lainpelto.fi\/index.php\/wp-json\/wp\/v2\/types\/page"}],"author":[{"embeddable":true,"href":"https:\/\/lainpelto.fi\/index.php\/wp-json\/wp\/v2\/users\/2"}],"replies":[{"embeddable":true,"href":"https:\/\/lainpelto.fi\/index.php\/wp-json\/wp\/v2\/comments?post=74"}],"version-history":[{"count":4,"href":"https:\/\/lainpelto.fi\/index.php\/wp-json\/wp\/v2\/pages\/74\/revisions"}],"predecessor-version":[{"id":234,"href":"https:\/\/lainpelto.fi\/index.php\/wp-json\/wp\/v2\/pages\/74\/revisions\/234"}],"wp:attachment":[{"href":"https:\/\/lainpelto.fi\/index.php\/wp-json\/wp\/v2\/media?parent=74"}],"curies":[{"name":"wp","href":"https:\/\/api.w.org\/{rel}","templated":true}]}}