{"id":72,"date":"2020-11-24T14:15:36","date_gmt":"2020-11-24T14:15:36","guid":{"rendered":"https:\/\/lainpelto.fi\/?page_id=72"},"modified":"2024-06-13T08:08:01","modified_gmt":"2024-06-13T08:08:01","slug":"kognitiivinen-psykoterapia","status":"publish","type":"page","link":"https:\/\/lainpelto.fi\/index.php\/kognitiivinen-psykoterapia\/","title":{"rendered":"Kognitiivinen psykoterapia"},"content":{"rendered":"\n<p>Kognitiivisessa psykoterapiassa tavoitteena on auttaa asiakasta itse oivaltamaan, ymm\u00e4rt\u00e4m\u00e4\u00e4n omaa kokemusmaailmaansa ja k\u00e4ytt\u00e4ytymist\u00e4\u00e4n ja sitten l\u00f6yt\u00e4m\u00e4\u00e4n keinoja n\u00e4iden muuttamiseen my\u00f6s k\u00e4yt\u00e4nn\u00f6ss\u00e4. Terapiaty\u00f6skentelyn l\u00e4ht\u00f6kohtana on aina asiakkaan henkil\u00f6kohtainen, ainutkertainen kokemus.<\/p>\n\n\n\n<p>Terapiassa asiakas ja terapeutti tutkivat asiakkaan ongelmallista kokemusta l\u00e4htien usein liikkeelle jostakin tietyst\u00e4 arkiel\u00e4m\u00e4n konkreettisesta tilanteesta. Miten ongelmallinen kokemus laukeaa? Mit\u00e4 tunteita asiakas silloin kokee? Mit\u00e4 h\u00e4n ajattelee? Millaisia mielikuvia h\u00e4nell\u00e4 on mieless\u00e4\u00e4n? Aktivoituuko jokin uskomus? Millaisia toimintayllykkeit\u00e4 h\u00e4nell\u00e4 on? Millaisten turva- tai selviytymiskeinojen avulla h\u00e4n yritt\u00e4\u00e4 tulla toimeen?&nbsp; Miten h\u00e4n k\u00e4ytt\u00e4ytyy? Mitk\u00e4 ovat k\u00e4ytt\u00e4ytymisen seuraukset? Asiakas ja terapeutti pyrkiv\u00e4t tunnistamaan ja ymm\u00e4rt\u00e4m\u00e4\u00e4n, miten n\u00e4m\u00e4 kokemuksen eri puolet liittyv\u00e4t &nbsp;toisiinsa ja vaikuttavat toinen toisiinsa aiheuttaen psyykkist\u00e4 huonovointisuutta.<\/p>\n\n\n\n<p>Kognitiivinen psykoterapia on yhteispeli\u00e4, jossa asiakas ja terapeutti ty\u00f6skentelev\u00e4t yhdess\u00e4 m\u00e4\u00e4riteltyjen tavoitteiden eteen. Terapeutti perehdytt\u00e4\u00e4 asiakkaan valitun hoitomuodon tapaan ymm\u00e4rt\u00e4\u00e4 psyykkisi\u00e4 vaikeuksia sek\u00e4 terapian perusk\u00e4sitteisiin ja ty\u00f6tapoihin. N\u00e4in asiakas ja terapeutti pystyv\u00e4t tekem\u00e4\u00e4n mahdollisimman tasavertaista yhteisty\u00f6t\u00e4. Terapeutti on kuin asiakkaan my\u00f6t\u00e4el\u00e4v\u00e4 rinnalla kulkija, joka erityisesti kyselem\u00e4ll\u00e4 ja yhdess\u00e4 harjoitellen auttaa asiakasta l\u00f6yt\u00e4m\u00e4\u00e4n joustavampia toimintatapoja ja siten voimaan paremmin. (L\u00e4hde: Kognitiivisen psykoterapian yhdistys)<\/p>\n","protected":false},"excerpt":{"rendered":"<p>Kognitiivisessa psykoterapiassa tavoitteena on auttaa asiakasta itse oivaltamaan, ymm\u00e4rt\u00e4m\u00e4\u00e4n omaa kokemusmaailmaansa ja k\u00e4ytt\u00e4ytymist\u00e4\u00e4n ja sitten l\u00f6yt\u00e4m\u00e4\u00e4n keinoja n\u00e4iden muuttamiseen my\u00f6s k\u00e4yt\u00e4nn\u00f6ss\u00e4. Terapiaty\u00f6skentelyn l\u00e4ht\u00f6kohtana on aina asiakkaan henkil\u00f6kohtainen, ainutkertainen kokemus. Terapiassa asiakas ja terapeutti tutkivat asiakkaan ongelmallista kokemusta l\u00e4htien usein liikkeelle jostakin tietyst\u00e4 arkiel\u00e4m\u00e4n konkreettisesta tilanteesta. Miten ongelmallinen kokemus laukeaa? Mit\u00e4 tunteita asiakas silloin kokee? Mit\u00e4 &hellip; <\/p>\n<p class=\"link-more\"><a href=\"https:\/\/lainpelto.fi\/index.php\/kognitiivinen-psykoterapia\/\" class=\"more-link\">Jatka lukemista<span class=\"screen-reader-text\"> &#8221;Kognitiivinen psykoterapia&#8221;<\/span><\/a><\/p>\n","protected":false},"author":2,"featured_media":0,"parent":0,"menu_order":0,"comment_status":"closed","ping_status":"closed","template":"","meta":{"footnotes":""},"class_list":["post-72","page","type-page","status-publish","hentry"],"_links":{"self":[{"href":"https:\/\/lainpelto.fi\/index.php\/wp-json\/wp\/v2\/pages\/72","targetHints":{"allow":["GET"]}}],"collection":[{"href":"https:\/\/lainpelto.fi\/index.php\/wp-json\/wp\/v2\/pages"}],"about":[{"href":"https:\/\/lainpelto.fi\/index.php\/wp-json\/wp\/v2\/types\/page"}],"author":[{"embeddable":true,"href":"https:\/\/lainpelto.fi\/index.php\/wp-json\/wp\/v2\/users\/2"}],"replies":[{"embeddable":true,"href":"https:\/\/lainpelto.fi\/index.php\/wp-json\/wp\/v2\/comments?post=72"}],"version-history":[{"count":3,"href":"https:\/\/lainpelto.fi\/index.php\/wp-json\/wp\/v2\/pages\/72\/revisions"}],"predecessor-version":[{"id":206,"href":"https:\/\/lainpelto.fi\/index.php\/wp-json\/wp\/v2\/pages\/72\/revisions\/206"}],"wp:attachment":[{"href":"https:\/\/lainpelto.fi\/index.php\/wp-json\/wp\/v2\/media?parent=72"}],"curies":[{"name":"wp","href":"https:\/\/api.w.org\/{rel}","templated":true}]}}