{"id":117,"date":"2020-11-27T20:29:28","date_gmt":"2020-11-27T20:29:28","guid":{"rendered":"https:\/\/lainpelto.fi\/?page_id=117"},"modified":"2026-04-07T11:06:09","modified_gmt":"2026-04-07T11:06:09","slug":"etusivu","status":"publish","type":"page","link":"https:\/\/lainpelto.fi\/","title":{"rendered":"Etusivu"},"content":{"rendered":"\n<p><strong>Lainpelto Oy <\/strong><\/p>\n\n\n\n<p>Hei! Olen kouluttajapsykoterapeutti Taru Lainpelto ja tarjoan kognitiivista psykoterapiaa sek\u00e4 ty\u00f6nohjausta Jyv\u00e4skyl\u00e4ss\u00e4. Tapaamiset voivat toteutua my\u00f6s et\u00e4n\u00e4. <\/p>\n\n\n\n<p>Kaipaako yrityksesi tai yhteis\u00f6si mielenasioiden \u00e4\u00e4rell\u00e4 koulutusta? L\u00e4hden mielell\u00e4ni rakentamaan koulutuksia ja ty\u00f6pajoja kanssasi tarpeen mukaan. <\/p>\n\n\n\n<p>Yksil\u00f6terapian asiakaspaikat ovat t\u00e4ynn\u00e4 8\/2026 saakka.<\/p>\n\n\n\n<p>Ty\u00f6nohjausta on tarjolla sopimuksen mukaan.<\/p>\n\n\n\n<p>Tavoitat minut parhaiten s\u00e4hk\u00f6postitse: taru@lainpelto.fi. Ollaan yhteydess\u00e4!<\/p>\n","protected":false},"excerpt":{"rendered":"<p>Lainpelto Oy Hei! Olen kouluttajapsykoterapeutti Taru Lainpelto ja tarjoan kognitiivista psykoterapiaa sek\u00e4 ty\u00f6nohjausta Jyv\u00e4skyl\u00e4ss\u00e4. Tapaamiset voivat toteutua my\u00f6s et\u00e4n\u00e4. Kaipaako yrityksesi tai yhteis\u00f6si mielenasioiden \u00e4\u00e4rell\u00e4 koulutusta? L\u00e4hden mielell\u00e4ni rakentamaan koulutuksia ja ty\u00f6pajoja kanssasi tarpeen mukaan. Yksil\u00f6terapian asiakaspaikat ovat t\u00e4ynn\u00e4 8\/2026 saakka. Ty\u00f6nohjausta on tarjolla sopimuksen mukaan. Tavoitat minut parhaiten s\u00e4hk\u00f6postitse: taru@lainpelto.fi. Ollaan yhteydess\u00e4!<\/p>\n","protected":false},"author":2,"featured_media":0,"parent":0,"menu_order":0,"comment_status":"closed","ping_status":"closed","template":"","meta":{"footnotes":""},"class_list":["post-117","page","type-page","status-publish","hentry"],"_links":{"self":[{"href":"https:\/\/lainpelto.fi\/index.php\/wp-json\/wp\/v2\/pages\/117","targetHints":{"allow":["GET"]}}],"collection":[{"href":"https:\/\/lainpelto.fi\/index.php\/wp-json\/wp\/v2\/pages"}],"about":[{"href":"https:\/\/lainpelto.fi\/index.php\/wp-json\/wp\/v2\/types\/page"}],"author":[{"embeddable":true,"href":"https:\/\/lainpelto.fi\/index.php\/wp-json\/wp\/v2\/users\/2"}],"replies":[{"embeddable":true,"href":"https:\/\/lainpelto.fi\/index.php\/wp-json\/wp\/v2\/comments?post=117"}],"version-history":[{"count":12,"href":"https:\/\/lainpelto.fi\/index.php\/wp-json\/wp\/v2\/pages\/117\/revisions"}],"predecessor-version":[{"id":238,"href":"https:\/\/lainpelto.fi\/index.php\/wp-json\/wp\/v2\/pages\/117\/revisions\/238"}],"wp:attachment":[{"href":"https:\/\/lainpelto.fi\/index.php\/wp-json\/wp\/v2\/media?parent=117"}],"curies":[{"name":"wp","href":"https:\/\/api.w.org\/{rel}","templated":true}]}}